{"id":4278,"date":"2021-07-29T09:05:18","date_gmt":"2021-07-29T09:05:18","guid":{"rendered":"https:\/\/www.sarobeurnieta.eus\/?page_id=4278"},"modified":"2026-02-10T15:12:06","modified_gmt":"2026-02-10T14:12:06","slug":"fabrika","status":"publish","type":"page","link":"https:\/\/www.sarobeurnieta.eus\/es\/fabrika\/","title":{"rendered":"Fabrika"},"content":{"rendered":"<div class=\"gb-container gb-container-f7e30a53\" id=\"reserva-tu-espacio\"><div class=\"gb-inside-container\">\n<div class=\"gb-grid-wrapper gb-grid-wrapper-02a00757\">\n<div class=\"gb-grid-column gb-grid-column-dbfecd54\"><div class=\"gb-container gb-container-dbfecd54 limite\"><div class=\"gb-inside-container\">\n\n<h2 class=\"gb-headline gb-headline-a1e8020b gb-headline-text\"><\/h2>\n\n\n<div class=\"gb-button-wrapper gb-button-wrapper-0ba18ed0\">\n\n<a class=\"gb-button gb-button-de80b2bc gb-button-text\" href=\"https:\/\/uzt.gipuzkoa.eus\/WAS\/AYTO\/USCServicioCiudadanoVer15WEB\/segundaPag.do\" target=\"_blank\" rel=\"noopener noreferrer\">HOJA DE SOLICITUD<\/a>\n\n<\/div>\n<\/div><\/div><\/div>\n\n<div class=\"gb-grid-column gb-grid-column-ed008cb6\"><div class=\"gb-container gb-container-ed008cb6\"><div class=\"gb-inside-container\">\n\n<h3 class=\"gb-headline gb-headline-efe9b481 gb-headline-text\"><meta charset=\"utf-8\">Alberga espacios, infraestructuras y recursos esc\u00e9nicos profesionales donde las compa\u00f1\u00edas idean, experimentan y realizan sus propuestas esc\u00e9nicas.<\/h3>\n\n\n<div class=\"gb-grid-wrapper gb-grid-wrapper-d8965516\">\n<div class=\"gb-grid-column gb-grid-column-b0ef1193\"><div class=\"gb-container gb-container-b0ef1193\"><div class=\"gb-inside-container\">\n\n<p class=\"gb-headline gb-headline-82e3d697 gb-headline-text especial\">Ensayos y pruebas esc\u00e9nicas.<br>Montaje del dise\u00f1o de iluminaci\u00f3n.<br>Configuraci\u00f3n de la maquinaria <br>esc\u00e9nica (iluminaci\u00f3n, sonido y tramoya).<\/p>\n\n<\/div><\/div><\/div>\n\n<div class=\"gb-grid-column gb-grid-column-87ea312f\"><div class=\"gb-container gb-container-87ea312f\"><div class=\"gb-inside-container\">\n\n<p class=\"gb-headline gb-headline-182d3530 gb-headline-text especial\">Construcci\u00f3n y montaje de escenograf\u00edas.<br>Confecci\u00f3n y prueba de vestuario.<br>Grabaci\u00f3n de banda sonora y voces en off.<\/p>\n\n<\/div><\/div><\/div>\n<\/div>\n<\/div><\/div><\/div>\n<\/div>\n\n<div class=\"gb-container gb-container-de833581\"><div class=\"gb-inside-container\"><\/div><\/div>\n\n\n<figure class=\"wp-block-gallery has-nested-images columns-default is-cropped wp-block-gallery-1 is-layout-flex wp-block-gallery-is-layout-flex\">\n<figure class=\"wp-block-image size-full\"><a href=\"https:\/\/www.sarobeurnieta.eus\/wp-content\/uploads\/2021\/09\/sarobeurnieta_fabrika_entradaTxalo-2-scaled.jpg\"><img loading=\"lazy\" decoding=\"async\" width=\"2560\" height=\"1920\" data-id=\"5541\" src=\"https:\/\/www.sarobeurnieta.eus\/wp-content\/uploads\/2021\/09\/sarobeurnieta_fabrika_entradaTxalo-2-scaled.jpg\" alt=\"\" class=\"wp-image-5541\" srcset=\"https:\/\/www.sarobeurnieta.eus\/wp-content\/uploads\/2021\/09\/sarobeurnieta_fabrika_entradaTxalo-2-scaled.jpg 2560w, https:\/\/www.sarobeurnieta.eus\/wp-content\/uploads\/2021\/09\/sarobeurnieta_fabrika_entradaTxalo-2-300x225.jpg 300w, https:\/\/www.sarobeurnieta.eus\/wp-content\/uploads\/2021\/09\/sarobeurnieta_fabrika_entradaTxalo-2-1024x768.jpg 1024w, https:\/\/www.sarobeurnieta.eus\/wp-content\/uploads\/2021\/09\/sarobeurnieta_fabrika_entradaTxalo-2-768x576.jpg 768w, https:\/\/www.sarobeurnieta.eus\/wp-content\/uploads\/2021\/09\/sarobeurnieta_fabrika_entradaTxalo-2-1536x1152.jpg 1536w, https:\/\/www.sarobeurnieta.eus\/wp-content\/uploads\/2021\/09\/sarobeurnieta_fabrika_entradaTxalo-2-2048x1536.jpg 2048w\" sizes=\"auto, (max-width: 2560px) 100vw, 2560px\" \/><\/a><\/figure>\n\n\n\n<figure class=\"wp-block-image size-full\"><a href=\"https:\/\/www.sarobeurnieta.eus\/wp-content\/uploads\/2021\/08\/sarobeurnieta_home-2.jpg\"><img loading=\"lazy\" decoding=\"async\" width=\"1500\" height=\"996\" data-id=\"4739\" src=\"https:\/\/www.sarobeurnieta.eus\/wp-content\/uploads\/2021\/08\/sarobeurnieta_home-2.jpg\" alt=\"\" class=\"wp-image-4739\" srcset=\"https:\/\/www.sarobeurnieta.eus\/wp-content\/uploads\/2021\/08\/sarobeurnieta_home-2.jpg 1500w, https:\/\/www.sarobeurnieta.eus\/wp-content\/uploads\/2021\/08\/sarobeurnieta_home-2-300x199.jpg 300w, https:\/\/www.sarobeurnieta.eus\/wp-content\/uploads\/2021\/08\/sarobeurnieta_home-2-1024x680.jpg 1024w, https:\/\/www.sarobeurnieta.eus\/wp-content\/uploads\/2021\/08\/sarobeurnieta_home-2-768x510.jpg 768w\" sizes=\"auto, (max-width: 1500px) 100vw, 1500px\" \/><\/a><\/figure>\n\n\n\n<figure class=\"wp-block-image size-full\"><a href=\"https:\/\/www.sarobeurnieta.eus\/wp-content\/uploads\/2021\/09\/sarobeurnieta_fabrika_ados_entrecopas-7-scaled.jpg\"><img loading=\"lazy\" decoding=\"async\" width=\"2560\" height=\"1920\" data-id=\"5542\" src=\"https:\/\/www.sarobeurnieta.eus\/wp-content\/uploads\/2021\/09\/sarobeurnieta_fabrika_ados_entrecopas-7-scaled.jpg\" alt=\"\" class=\"wp-image-5542\" srcset=\"https:\/\/www.sarobeurnieta.eus\/wp-content\/uploads\/2021\/09\/sarobeurnieta_fabrika_ados_entrecopas-7-scaled.jpg 2560w, https:\/\/www.sarobeurnieta.eus\/wp-content\/uploads\/2021\/09\/sarobeurnieta_fabrika_ados_entrecopas-7-300x225.jpg 300w, https:\/\/www.sarobeurnieta.eus\/wp-content\/uploads\/2021\/09\/sarobeurnieta_fabrika_ados_entrecopas-7-1024x768.jpg 1024w, https:\/\/www.sarobeurnieta.eus\/wp-content\/uploads\/2021\/09\/sarobeurnieta_fabrika_ados_entrecopas-7-768x576.jpg 768w, https:\/\/www.sarobeurnieta.eus\/wp-content\/uploads\/2021\/09\/sarobeurnieta_fabrika_ados_entrecopas-7-1536x1152.jpg 1536w, https:\/\/www.sarobeurnieta.eus\/wp-content\/uploads\/2021\/09\/sarobeurnieta_fabrika_ados_entrecopas-7-2048x1536.jpg 2048w\" sizes=\"auto, (max-width: 2560px) 100vw, 2560px\" \/><\/a><\/figure>\n\n\n\n<figure class=\"wp-block-image size-full\"><a href=\"https:\/\/www.sarobeurnieta.eus\/wp-content\/uploads\/2021\/08\/sarobeurnieta_fabrika_gradak.jpg\"><img loading=\"lazy\" decoding=\"async\" width=\"1500\" height=\"996\" data-id=\"4749\" src=\"https:\/\/www.sarobeurnieta.eus\/wp-content\/uploads\/2021\/08\/sarobeurnieta_fabrika_gradak.jpg\" alt=\"\" class=\"wp-image-4749\" srcset=\"https:\/\/www.sarobeurnieta.eus\/wp-content\/uploads\/2021\/08\/sarobeurnieta_fabrika_gradak.jpg 1500w, https:\/\/www.sarobeurnieta.eus\/wp-content\/uploads\/2021\/08\/sarobeurnieta_fabrika_gradak-300x199.jpg 300w, https:\/\/www.sarobeurnieta.eus\/wp-content\/uploads\/2021\/08\/sarobeurnieta_fabrika_gradak-1024x680.jpg 1024w, https:\/\/www.sarobeurnieta.eus\/wp-content\/uploads\/2021\/08\/sarobeurnieta_fabrika_gradak-768x510.jpg 768w\" sizes=\"auto, (max-width: 1500px) 100vw, 1500px\" \/><\/a><\/figure>\n\n\n\n<figure class=\"wp-block-image size-full\"><a href=\"https:\/\/www.sarobeurnieta.eus\/wp-content\/uploads\/2021\/09\/sarobeurnieta_fabrika_grua-scaled.jpg\"><img loading=\"lazy\" decoding=\"async\" width=\"2560\" height=\"1700\" data-id=\"5540\" src=\"https:\/\/www.sarobeurnieta.eus\/wp-content\/uploads\/2021\/09\/sarobeurnieta_fabrika_grua-scaled.jpg\" alt=\"\" class=\"wp-image-5540\" srcset=\"https:\/\/www.sarobeurnieta.eus\/wp-content\/uploads\/2021\/09\/sarobeurnieta_fabrika_grua-scaled.jpg 2560w, https:\/\/www.sarobeurnieta.eus\/wp-content\/uploads\/2021\/09\/sarobeurnieta_fabrika_grua-300x199.jpg 300w, https:\/\/www.sarobeurnieta.eus\/wp-content\/uploads\/2021\/09\/sarobeurnieta_fabrika_grua-1024x680.jpg 1024w, https:\/\/www.sarobeurnieta.eus\/wp-content\/uploads\/2021\/09\/sarobeurnieta_fabrika_grua-768x510.jpg 768w, https:\/\/www.sarobeurnieta.eus\/wp-content\/uploads\/2021\/09\/sarobeurnieta_fabrika_grua-1536x1020.jpg 1536w, https:\/\/www.sarobeurnieta.eus\/wp-content\/uploads\/2021\/09\/sarobeurnieta_fabrika_grua-2048x1360.jpg 2048w\" sizes=\"auto, (max-width: 2560px) 100vw, 2560px\" \/><\/a><\/figure>\n\n\n\n<figure class=\"wp-block-image size-full\"><a href=\"https:\/\/www.sarobeurnieta.eus\/wp-content\/uploads\/2021\/08\/sarobeurnieta_maquinaria.jpg\"><img loading=\"lazy\" decoding=\"async\" width=\"1500\" height=\"996\" data-id=\"4741\" src=\"https:\/\/www.sarobeurnieta.eus\/wp-content\/uploads\/2021\/08\/sarobeurnieta_maquinaria.jpg\" alt=\"\" class=\"wp-image-4741\" srcset=\"https:\/\/www.sarobeurnieta.eus\/wp-content\/uploads\/2021\/08\/sarobeurnieta_maquinaria.jpg 1500w, https:\/\/www.sarobeurnieta.eus\/wp-content\/uploads\/2021\/08\/sarobeurnieta_maquinaria-300x199.jpg 300w, https:\/\/www.sarobeurnieta.eus\/wp-content\/uploads\/2021\/08\/sarobeurnieta_maquinaria-1024x680.jpg 1024w, https:\/\/www.sarobeurnieta.eus\/wp-content\/uploads\/2021\/08\/sarobeurnieta_maquinaria-768x510.jpg 768w\" sizes=\"auto, (max-width: 1500px) 100vw, 1500px\" \/><\/a><\/figure>\n<\/figure>\n\n<\/div><\/div>\n\n<div class=\"gb-container gb-container-3f9e11ef\"><div class=\"gb-inside-container\">\n<div class=\"gb-container gb-container-76c95328\"><div class=\"gb-inside-container\"><\/div><\/div>\n\n<div class=\"gb-grid-wrapper gb-grid-wrapper-791cb7e2\">\n<div class=\"gb-grid-column gb-grid-column-6fc1430f\"><div class=\"gb-container gb-container-6fc1430f limite\"><div class=\"gb-inside-container\">\n\n<h1 class=\"gb-headline gb-headline-d2bd44ee gb-headline-text\">Un espacio acondicionado <br>para compa\u00f1\u00edas, productoras<br>y artistas<\/h1>\n\n<\/div><\/div><\/div>\n\n<div class=\"gb-grid-column gb-grid-column-51636806\"><div class=\"gb-container gb-container-51636806\"><div class=\"gb-inside-container\">\n\n<h3 class=\"gb-headline gb-headline-f44d863d gb-headline-text\">Sarobe Fabrika ofrece la posibilidad de realizar residencias art\u00edsticas de forma estable y sistematizada.<br><br>El espacio re\u00fane a las y los profesionales que intervienen en la producci\u00f3n de las obras -direcci\u00f3n, equipo art\u00edstico y t\u00e9cnico- acompa\u00f1\u00e1ndoles en todas las fases de la residencia.<br><br>Las condiciones profesionales de trabajo, as\u00ed como la versatilidad y calidad puestas al servicio de la creatividad, hacen de Sarobe un laboratorio t\u00e9cnico para pruebas y ensayos.<\/h3>\n\n<\/div><\/div><\/div>\n<\/div>\n\n<div class=\"gb-grid-wrapper gb-grid-wrapper-b6992a51\">\n<div class=\"gb-grid-column gb-grid-column-35c41877\"><div class=\"gb-container gb-container-35c41877 limite\"><div class=\"gb-inside-container\">\n\n<h1 class=\"gb-headline gb-headline-2bba86e8 gb-headline-text\"><meta charset=\"utf-8\">Infraestructuras y <br>recursos esc\u00e9nicos<\/h1>\n\n<\/div><\/div><\/div>\n\n<div class=\"gb-grid-column gb-grid-column-2ff8f5aa\"><div class=\"gb-container gb-container-2ff8f5aa\"><div class=\"gb-inside-container\">\n\n<p><\/p>\n\n\n\n<h3 class=\"gb-headline gb-headline-49adfe11 gb-headline-text enlace2\">Informaci\u00f3n referente a la infraestructura y recursos esc\u00e9nicos de Sarobe: <a href=\"https:\/\/sarobe-infraestructuras-production.up.railway.app\/\" target=\"_blank\" rel=\"noreferrer noopener\">audiovisuales, iluminaci\u00f3n, maquinaria y plano t\u00e9cnico.  <\/a><\/h3>\n\n<\/div><\/div><\/div>\n\n<div class=\"gb-grid-column gb-grid-column-9304f49b\"><div class=\"gb-container gb-container-9304f49b\"><div class=\"gb-inside-container\">\n\n<figure class=\"gb-block-image gb-block-image-4afca124\"><img loading=\"lazy\" decoding=\"async\" width=\"430\" height=\"125\" class=\"gb-image gb-image-4afca124\" src=\"https:\/\/www.sarobeurnieta.eus\/wp-content\/uploads\/2022\/08\/gipuzkoa-1.png\" alt=\"\" title=\"gipuzkoa-1\" srcset=\"https:\/\/www.sarobeurnieta.eus\/wp-content\/uploads\/2022\/08\/gipuzkoa-1.png 430w, https:\/\/www.sarobeurnieta.eus\/wp-content\/uploads\/2022\/08\/gipuzkoa-1-300x87.png 300w\" sizes=\"auto, (max-width: 430px) 100vw, 430px\" \/><\/figure>\n\n\n\n<figure class=\"gb-block-image gb-block-image-5cf948aa\"><img loading=\"lazy\" decoding=\"async\" width=\"300\" height=\"143\" class=\"gb-image gb-image-5cf948aa\" src=\"https:\/\/www.sarobeurnieta.eus\/wp-content\/uploads\/2021\/08\/LOGO-GV_Cultura-TRANSPARENTE.png\" alt=\"LOGO-GV_Cultura-TRANSPARENTE\" title=\"LOGO-GV_Cultura-TRANSPARENTE\"\/><\/figure>\n\n<\/div><\/div><\/div>\n\n<div class=\"gb-grid-column gb-grid-column-a9b6bf11\"><div class=\"gb-container gb-container-a9b6bf11\"><div class=\"gb-inside-container\">\n\n<p class=\"gb-headline gb-headline-04ff991b gb-headline-text especial\">De este activo cultural al servicio de la industria esc\u00e9nica, impulsado por el Ayuntamiento de Urnieta, se benefician las compa\u00f1\u00edas de teatro y danza de la Comunidad Aut\u00f3noma Vasca, Nafarroa e Iparralde.<\/p>\n\n<\/div><\/div><\/div>\n<\/div>\n<\/div><\/div>\n\n<div class=\"gb-container gb-container-66209372\"><div class=\"gb-inside-container\">\n<div class=\"gb-container gb-container-d18d30b8\"><div class=\"gb-inside-container\"><\/div><\/div>\n\n<div class=\"gb-grid-wrapper gb-grid-wrapper-9b6eeb58\">\n<div class=\"gb-grid-column gb-grid-column-d4be1f42\"><div class=\"gb-container gb-container-d4be1f42 limite\"><div class=\"gb-inside-container\">\n\n<h2 class=\"gb-headline gb-headline-4cf6c6c6 gb-headline-text\">\u00bfQuer\u00e9is venir a Sarobe?<\/h2>\n\n<\/div><\/div><\/div>\n\n<div class=\"gb-grid-column gb-grid-column-eaf0f8d5\"><div class=\"gb-container gb-container-eaf0f8d5\"><div class=\"gb-inside-container\">\n\n<h3 class=\"gb-headline gb-headline-915399b2 gb-headline-text enlace2\"><br>Si ten\u00e9is inter\u00e9s en nuestro espacio pod\u00e9is hacer la reserva enviando esta <a data-type=\"URL\" data-id=\"https:\/\/www.urnieta.eus\/es\/sarobe\/infraestructuras-escenicas\" href=\"https:\/\/www.urnieta.eus\/es\/sarobe\/infraestructuras-escenicas\" target=\"_blank\" rel=\"noreferrer noopener\"> <\/a><a href=\"https:\/\/www.urnieta.eus\/documents\/9774148\/17684447\/E602+Espazio+ITXIAK+eta+materialak.pdf\/1b30ab77-c223-668f-c659-1d6b66ecef1b\" target=\"_blank\" rel=\"noreferrer noopener\">hoja de solicitud<\/a> cumplimentada.<\/h3>\n\n\n\n<ul class=\"wp-block-list\">\n<li>Elegid las fechas de la residencia art\u00edstica.<\/li>\n\n\n\n<li>El proceso de selecci\u00f3n se realiza por orden de solicitud.<\/li>\n\n\n\n<li>La hoja de solicitud debe entregarse debidamente cumplimentada.<\/li>\n\n\n\n<li>La compa\u00f1\u00eda ofrecer\u00e1 una actuaci\u00f3n abierta del espect\u00e1culo en una fecha programada con CAE Sarobe.<\/li>\n\n\n\n<li>En la publicidad del espect\u00e1culo aparecer\u00e1 la colaboraci\u00f3n de Sarobe y el Ayuntamiento de Urnieta incorporando el logotipo.<\/li>\n\n\n\n<li>Ten\u00e9is a vuestra disposici\u00f3n las <a data-type=\"URL\" data-id=\"https:\/\/www.urnieta.eus\/zzoo\/ordenantza\/502#502-1364\" href=\"https:\/\/www.urnieta.eus\/zzoo\/ordenantza\/502#502-1364\" target=\"_blank\" rel=\"noreferrer noopener\"><mark style=\"background-color:rgba(0, 0, 0, 0)\" class=\"has-inline-color has-accent-color\"><strong>tarifas<\/strong><\/mark><\/a> y las <a data-type=\"URL\" data-id=\"https:\/\/www.sarobeurnieta.eus\/wp-content\/uploads\/2022\/04\/normas_sarobeFabrika_erabilera.pdf\" href=\"https:\/\/www.sarobeurnieta.eus\/wp-content\/uploads\/2022\/04\/normas_sarobeFabrika_erabilera.pdf\" target=\"_blank\" rel=\"noreferrer noopener\"><mark style=\"background-color:rgba(0, 0, 0, 0)\" class=\"has-inline-color has-accent-color\"><strong>normas<\/strong><\/mark><\/a> de funcionamiento para el uso de los recursos.<\/li>\n<\/ul>\n\n<\/div><\/div><\/div>\n<\/div>\n<\/div><\/div>\n\n<div class=\"gb-container gb-container-eeb0f8ca\"><div class=\"gb-inside-container\">\n<div class=\"gb-container gb-container-687853bf\"><div class=\"gb-inside-container\"><\/div><\/div>\n\n\n<figure class=\"wp-block-gallery has-nested-images columns-default is-cropped wp-block-gallery-2 is-layout-flex wp-block-gallery-is-layout-flex\">\n<figure class=\"wp-block-image size-large\"><a href=\"https:\/\/www.sarobeurnieta.eus\/wp-content\/uploads\/2025\/03\/web_fabrika_2024_AMAMA__1024683-1-scaled.jpg\"><img loading=\"lazy\" decoding=\"async\" width=\"1024\" height=\"683\" data-id=\"13931\" src=\"https:\/\/www.sarobeurnieta.eus\/wp-content\/uploads\/2025\/03\/web_fabrika_2024_AMAMA__1024683-1-1024x683.jpg\" alt=\"\" class=\"wp-image-13931\" srcset=\"https:\/\/www.sarobeurnieta.eus\/wp-content\/uploads\/2025\/03\/web_fabrika_2024_AMAMA__1024683-1-1024x683.jpg 1024w, https:\/\/www.sarobeurnieta.eus\/wp-content\/uploads\/2025\/03\/web_fabrika_2024_AMAMA__1024683-1-300x200.jpg 300w, https:\/\/www.sarobeurnieta.eus\/wp-content\/uploads\/2025\/03\/web_fabrika_2024_AMAMA__1024683-1-768x512.jpg 768w, https:\/\/www.sarobeurnieta.eus\/wp-content\/uploads\/2025\/03\/web_fabrika_2024_AMAMA__1024683-1-1536x1024.jpg 1536w, https:\/\/www.sarobeurnieta.eus\/wp-content\/uploads\/2025\/03\/web_fabrika_2024_AMAMA__1024683-1-2048x1366.jpg 2048w\" sizes=\"auto, (max-width: 1024px) 100vw, 1024px\" \/><\/a><figcaption class=\"wp-element-caption\">AMAMA 2024<\/figcaption><\/figure>\n\n\n\n<figure class=\"wp-block-image size-full\"><a href=\"https:\/\/www.sarobeurnieta.eus\/wp-content\/uploads\/2026\/02\/web_ikili_fabrika-scaled.jpg\"><img loading=\"lazy\" decoding=\"async\" width=\"2560\" height=\"1707\" data-id=\"15189\" src=\"https:\/\/www.sarobeurnieta.eus\/wp-content\/uploads\/2026\/02\/web_ikili_fabrika-scaled.jpg\" alt=\"\" class=\"wp-image-15189\" srcset=\"https:\/\/www.sarobeurnieta.eus\/wp-content\/uploads\/2026\/02\/web_ikili_fabrika-scaled.jpg 2560w, https:\/\/www.sarobeurnieta.eus\/wp-content\/uploads\/2026\/02\/web_ikili_fabrika-300x200.jpg 300w, https:\/\/www.sarobeurnieta.eus\/wp-content\/uploads\/2026\/02\/web_ikili_fabrika-1024x683.jpg 1024w, https:\/\/www.sarobeurnieta.eus\/wp-content\/uploads\/2026\/02\/web_ikili_fabrika-768x512.jpg 768w, https:\/\/www.sarobeurnieta.eus\/wp-content\/uploads\/2026\/02\/web_ikili_fabrika-1536x1024.jpg 1536w, https:\/\/www.sarobeurnieta.eus\/wp-content\/uploads\/2026\/02\/web_ikili_fabrika-2048x1366.jpg 2048w\" sizes=\"auto, (max-width: 2560px) 100vw, 2560px\" \/><\/a><figcaption class=\"wp-element-caption\">&nbsp;<br>IKILIMIKILIKLIK 2025<\/figcaption><\/figure>\n\n\n\n<figure class=\"wp-block-image size-large\"><a href=\"https:\/\/www.sarobeurnieta.eus\/wp-content\/uploads\/2026\/02\/web_desobedienteak_fabrika-scaled.jpg\"><img loading=\"lazy\" decoding=\"async\" width=\"1024\" height=\"683\" data-id=\"15191\" src=\"https:\/\/www.sarobeurnieta.eus\/wp-content\/uploads\/2026\/02\/web_desobedienteak_fabrika-1024x683.jpg\" alt=\"\" class=\"wp-image-15191\" srcset=\"https:\/\/www.sarobeurnieta.eus\/wp-content\/uploads\/2026\/02\/web_desobedienteak_fabrika-1024x683.jpg 1024w, https:\/\/www.sarobeurnieta.eus\/wp-content\/uploads\/2026\/02\/web_desobedienteak_fabrika-300x200.jpg 300w, https:\/\/www.sarobeurnieta.eus\/wp-content\/uploads\/2026\/02\/web_desobedienteak_fabrika-768x512.jpg 768w, https:\/\/www.sarobeurnieta.eus\/wp-content\/uploads\/2026\/02\/web_desobedienteak_fabrika-1536x1024.jpg 1536w, https:\/\/www.sarobeurnieta.eus\/wp-content\/uploads\/2026\/02\/web_desobedienteak_fabrika-2048x1366.jpg 2048w\" sizes=\"auto, (max-width: 1024px) 100vw, 1024px\" \/><\/a><figcaption class=\"wp-element-caption\">DESOBEDIENTEAK 2025<\/figcaption><\/figure>\n\n\n\n<figure class=\"wp-block-image size-large\"><a href=\"https:\/\/www.sarobeurnieta.eus\/wp-content\/uploads\/2026\/02\/web_amak_fabrika-scaled.jpg\"><img loading=\"lazy\" decoding=\"async\" width=\"1024\" height=\"683\" data-id=\"15192\" src=\"https:\/\/www.sarobeurnieta.eus\/wp-content\/uploads\/2026\/02\/web_amak_fabrika-1024x683.jpg\" alt=\"\" class=\"wp-image-15192\" srcset=\"https:\/\/www.sarobeurnieta.eus\/wp-content\/uploads\/2026\/02\/web_amak_fabrika-1024x683.jpg 1024w, https:\/\/www.sarobeurnieta.eus\/wp-content\/uploads\/2026\/02\/web_amak_fabrika-300x200.jpg 300w, https:\/\/www.sarobeurnieta.eus\/wp-content\/uploads\/2026\/02\/web_amak_fabrika-768x512.jpg 768w, https:\/\/www.sarobeurnieta.eus\/wp-content\/uploads\/2026\/02\/web_amak_fabrika-1536x1024.jpg 1536w, https:\/\/www.sarobeurnieta.eus\/wp-content\/uploads\/2026\/02\/web_amak_fabrika-2048x1366.jpg 2048w\" sizes=\"auto, (max-width: 1024px) 100vw, 1024px\" \/><\/a><figcaption class=\"wp-element-caption\">AMAK 2025<\/figcaption><\/figure>\n\n\n\n<figure class=\"wp-block-image size-full\"><a href=\"https:\/\/www.sarobeurnieta.eus\/wp-content\/uploads\/2026\/02\/web_nizugu_fabrika-scaled.jpg\"><img loading=\"lazy\" decoding=\"async\" width=\"2560\" height=\"1707\" data-id=\"15193\" src=\"https:\/\/www.sarobeurnieta.eus\/wp-content\/uploads\/2026\/02\/web_nizugu_fabrika-scaled.jpg\" alt=\"\" class=\"wp-image-15193\" srcset=\"https:\/\/www.sarobeurnieta.eus\/wp-content\/uploads\/2026\/02\/web_nizugu_fabrika-scaled.jpg 2560w, https:\/\/www.sarobeurnieta.eus\/wp-content\/uploads\/2026\/02\/web_nizugu_fabrika-300x200.jpg 300w, https:\/\/www.sarobeurnieta.eus\/wp-content\/uploads\/2026\/02\/web_nizugu_fabrika-1024x683.jpg 1024w, https:\/\/www.sarobeurnieta.eus\/wp-content\/uploads\/2026\/02\/web_nizugu_fabrika-768x512.jpg 768w, https:\/\/www.sarobeurnieta.eus\/wp-content\/uploads\/2026\/02\/web_nizugu_fabrika-1536x1024.jpg 1536w, https:\/\/www.sarobeurnieta.eus\/wp-content\/uploads\/2026\/02\/web_nizugu_fabrika-2048x1366.jpg 2048w\" sizes=\"auto, (max-width: 2560px) 100vw, 2560px\" \/><\/a><figcaption class=\"wp-element-caption\">NIZUGU 2025<\/figcaption><\/figure>\n\n\n\n<figure class=\"wp-block-image size-large\"><a href=\"https:\/\/www.sarobeurnieta.eus\/wp-content\/uploads\/2026\/02\/web_ots_fabrika-scaled.jpg\"><img loading=\"lazy\" decoding=\"async\" width=\"1024\" height=\"683\" data-id=\"15194\" src=\"https:\/\/www.sarobeurnieta.eus\/wp-content\/uploads\/2026\/02\/web_ots_fabrika-1024x683.jpg\" alt=\"\" class=\"wp-image-15194\" srcset=\"https:\/\/www.sarobeurnieta.eus\/wp-content\/uploads\/2026\/02\/web_ots_fabrika-1024x683.jpg 1024w, https:\/\/www.sarobeurnieta.eus\/wp-content\/uploads\/2026\/02\/web_ots_fabrika-300x200.jpg 300w, https:\/\/www.sarobeurnieta.eus\/wp-content\/uploads\/2026\/02\/web_ots_fabrika-768x512.jpg 768w, https:\/\/www.sarobeurnieta.eus\/wp-content\/uploads\/2026\/02\/web_ots_fabrika-1536x1024.jpg 1536w, https:\/\/www.sarobeurnieta.eus\/wp-content\/uploads\/2026\/02\/web_ots_fabrika-2048x1366.jpg 2048w\" sizes=\"auto, (max-width: 1024px) 100vw, 1024px\" \/><\/a><figcaption class=\"wp-element-caption\">OTS 2025<\/figcaption><\/figure>\n<\/figure>\n\n<\/div><\/div>\n\n<div class=\"gb-container gb-container-b1f1de61\" id=\"produccion-propia\"><div class=\"gb-inside-container\">\n<div class=\"gb-container gb-container-7b5d00d4\"><div class=\"gb-inside-container\"><\/div><\/div>\n\n<div class=\"gb-grid-wrapper gb-grid-wrapper-67ef6a95\">\n<div class=\"gb-grid-column gb-grid-column-8c9b2310\"><div class=\"gb-container gb-container-8c9b2310 limite\"><div class=\"gb-inside-container\">\n\n<h1 class=\"gb-headline gb-headline-194b7caa gb-headline-text\"><br>Hist\u00f3rico<\/h1>\n\n<\/div><\/div><\/div>\n\n<div class=\"gb-grid-column gb-grid-column-f3541648\"><div class=\"gb-container gb-container-f3541648\"><div class=\"gb-inside-container\">\n<div id=\"footable_parent_4611\"\n         class=\" footable_parent ninja_table_wrapper loading_ninja_table wp_table_data_press_parent semantic_ui colored_table\">\n                <table data-ninja_table_instance=\"ninja_table_instance_0\" data-footable_id=\"4611\" data-filter-delay=\"1000\" aria-label=\"Hist\u00f3rico\"            id=\"footable_4611\"\n           data-unique_identifier=\"ninja_table_unique_id_1138091215_4611\"\n           class=\" foo-table ninja_footable foo_table_4611 ninja_table_unique_id_1138091215_4611 ui table  ninja_search_left nt_type_legacy_table hide_horizonal_borders hide_vertical_borders vertical_centered ninja_custom_color inverted footable-paging-left hide_all_borders ninjatable_hide_header_row ninja_table_search_disabled ninja_table_pro ninja_table_afd_inline ninja_table_has_custom_filter\">\n                <colgroup>\n                            <col class=\"ninja_column_0 \">\n                            <col class=\"ninja_column_1 \">\n                            <col class=\"ninja_column_2 \">\n                    <\/colgroup>\n        <thead>\n<tr class=\"footable-header\">\n                                                        <th scope=\"col\"  class=\"ninja_column_0 ninja_clmn_nm_ao \">A\u00d1O<\/th><th scope=\"col\"  class=\"ninja_column_1 ninja_clmn_nm_compaia \">COMPA\u00d1IA<\/th><th scope=\"col\"  class=\"ninja_column_2 ninja_clmn_nm_titulo enlace \">TITULO<\/th><\/tr>\n<\/thead>\n<tbody>\n\n<\/tbody><!--ninja_tobody_rendering_done-->\n    <\/table>\n    \n    \n    \n<\/div>\n\n\n<\/div><\/div><\/div>\n<\/div>\n<\/div><\/div>","protected":false},"excerpt":{"rendered":"","protected":false},"author":1,"featured_media":0,"parent":0,"menu_order":0,"comment_status":"closed","ping_status":"closed","template":"","meta":{"_acf_changed":false,"inline_featured_image":false,"_EventAllDay":false,"_EventTimezone":"","_EventStartDate":"","_EventEndDate":"","_EventStartDateUTC":"","_EventEndDateUTC":"","_EventShowMap":false,"_EventShowMapLink":false,"_EventURL":"","_EventCost":"","_EventCostDescription":"","_EventCurrencySymbol":"","_EventCurrencyCode":"","_EventCurrencyPosition":"","_EventDateTimeSeparator":"","_EventTimeRangeSeparator":"","_EventOrganizerID":[],"_EventVenueID":[],"_OrganizerEmail":"","_OrganizerPhone":"","_OrganizerWebsite":"","_VenueAddress":"","_VenueCity":"","_VenueCountry":"","_VenueProvince":"","_VenueState":"","_VenueZip":"","_VenuePhone":"","_VenueURL":"","_VenueStateProvince":"","_VenueLat":"","_VenueLng":"","_VenueShowMap":false,"_VenueShowMapLink":false,"footnotes":""},"class_list":["post-4278","page","type-page","status-publish"],"acf":[],"_links":{"self":[{"href":"https:\/\/www.sarobeurnieta.eus\/es\/wp-json\/wp\/v2\/pages\/4278","targetHints":{"allow":["GET"]}}],"collection":[{"href":"https:\/\/www.sarobeurnieta.eus\/es\/wp-json\/wp\/v2\/pages"}],"about":[{"href":"https:\/\/www.sarobeurnieta.eus\/es\/wp-json\/wp\/v2\/types\/page"}],"author":[{"embeddable":true,"href":"https:\/\/www.sarobeurnieta.eus\/es\/wp-json\/wp\/v2\/users\/1"}],"replies":[{"embeddable":true,"href":"https:\/\/www.sarobeurnieta.eus\/es\/wp-json\/wp\/v2\/comments?post=4278"}],"version-history":[{"count":4,"href":"https:\/\/www.sarobeurnieta.eus\/es\/wp-json\/wp\/v2\/pages\/4278\/revisions"}],"predecessor-version":[{"id":15195,"href":"https:\/\/www.sarobeurnieta.eus\/es\/wp-json\/wp\/v2\/pages\/4278\/revisions\/15195"}],"wp:attachment":[{"href":"https:\/\/www.sarobeurnieta.eus\/es\/wp-json\/wp\/v2\/media?parent=4278"}],"curies":[{"name":"wp","href":"https:\/\/api.w.org\/{rel}","templated":true}]}}