{"id":4329,"date":"2021-07-29T10:29:47","date_gmt":"2021-07-29T10:29:47","guid":{"rendered":"https:\/\/www.sarobeurnieta.eus\/?page_id=4329"},"modified":"2021-09-20T12:54:08","modified_gmt":"2021-09-20T10:54:08","slug":"aviso-legal","status":"publish","type":"page","link":"https:\/\/www.sarobeurnieta.eus\/es\/aviso-legal\/","title":{"rendered":"Aviso legal"},"content":{"rendered":"<div class=\"gb-container gb-container-0153d3cf\"><div class=\"gb-inside-container\">\n\n<h2 class=\"has-luminous-vivid-orange-color has-text-color wp-block-heading\">Datos del Responsable<\/h2>\n\n\n\n<ul class=\"wp-block-list\"><li><strong>Identidad del Responsable:<\/strong>&nbsp;SAREKIN SL<\/li><li><strong>Nombre comercial:<\/strong>&nbsp;SAREKIN<\/li><li><strong>CIF:<\/strong>&nbsp;B20712758<\/li><li><strong>Direcci\u00f3n:<\/strong>&nbsp;Iurramendi, 14-3\u00ba 20130 URNIETA(GIPUZKOA)<\/li><li><strong>Correo electr\u00f3nico:<\/strong>&nbsp;sarekin2@gmail.com<\/li><\/ul>\n\n\n\n<p>En este espacio, la persona usuaria podr\u00e1 encontrar toda la informaci\u00f3n relativa a los t\u00e9rminos y condiciones legales que definen las relaciones entre los usuarios y nosotros como responsables de esta web. Como usuario, es importante que conozcas estos t\u00e9rminos antes de continuar tu navegaci\u00f3n.<\/p>\n\n\n\n<p>Sarekin SL como responsables de esta web, asumimos el compromiso de procesar la informaci\u00f3n de nuestras personas usuarias con plenas garant\u00edas y cumplir con los requisitos nacionales y europeos que regulan la recopilaci\u00f3n y uso de los datos personales de nuestros usuarios.<\/p>\n\n\n\n<p>Esta web, por tanto, cumple rigurosamente con el Reglamento (UE) 2016\/679 del Parlamento Europeo y del Consejo de 27 de abril de 2016 relativo a la protecci\u00f3n de las personas f\u00edsicas (RGPD), as\u00ed como con la Ley 34\/2002, de 11 de julio, de Servicios de la Sociedad de la Informaci\u00f3n y Comercio Electr\u00f3nico (LSSICE \u00f3 LSSI).<\/p>\n\n\n\n<h2 class=\"has-luminous-vivid-orange-color has-text-color wp-block-heading\">Condiciones generales de uso<\/h2>\n\n\n\n<p>Las presentes Condiciones Generales regulan el uso (incluyendo el mero acceso) de las p\u00e1ginas de web, integrantes del sitio web de Sarobe incluidos los contenidos y servicios puestos a disposici\u00f3n en ellas. Toda persona que acceda a la web, https:\/\/www.sarobeurnieta.eus&nbsp;(\u201cpersona usuaria\u201d) acepta someterse a las Condiciones Generales vigentes en cada momento del portal&nbsp;https:\/\/www.<meta charset=\"utf-8\">sarobeurnieta.eus.<\/p>\n\n\n\n<h2 class=\"has-luminous-vivid-orange-color has-text-color wp-block-heading\">Datos personales que recabamos y c\u00f3mo lo hacemos<\/h2>\n\n\n\n<p>Leer Pol\u00edtica de Privacidad.<\/p>\n\n\n\n<h2 class=\"has-luminous-vivid-orange-color has-text-color wp-block-heading\">Compromisos y obligaciones de las personas usuarias<\/h2>\n\n\n\n<p>La persona usuaria queda informada, y acepta, que el acceso a la presente web no supone, en modo alguno, el inicio de una relaci\u00f3n comercial con Sarobe. De esta forma, la <meta charset=\"utf-8\">persona usuaria se compromete a utilizar el sitio web, sus servicios y contenidos sin contravenir la legislaci\u00f3n vigente, la buena fe y el orden p\u00fablico.<\/p>\n\n\n\n<p>Queda prohibido el uso de la web, con fines il\u00edcitos o lesivos, o que, de cualquier forma, puedan causar perjuicio o impedir el normal funcionamiento del sitio web. Respecto de los contenidos de esta web, se proh\u00edbe:<\/p>\n\n\n\n<ul class=\"wp-block-list\"><li>Su reproducci\u00f3n, distribuci\u00f3n o modificaci\u00f3n, total o parcial, a menos que se cuente con la autorizaci\u00f3n de sus leg\u00edtimos titulares;<\/li><li>Cualquier vulneraci\u00f3n de los derechos del prestador o de los leg\u00edtimos titulares;<\/li><li>Su utilizaci\u00f3n para fines comerciales o publicitarios.<\/li><\/ul>\n\n\n\n<p>En la utilizaci\u00f3n de la web,&nbsp;https:\/\/www.sarobeurnieta.eus&nbsp; la <meta charset=\"utf-8\">persona usuaria se compromete a no llevar a cabo&nbsp;<strong>ninguna conducta<\/strong>&nbsp;que pudiera da\u00f1ar la imagen, los intereses y los derechos de Sarobe o de terceros o que pudiera da\u00f1ar, inutilizar o sobrecargar el portal&nbsp;https:\/\/www.sarobeurnieta.eus o que impidiera, de cualquier forma, la normal utilizaci\u00f3n de la web.<\/p>\n\n\n\n<p>No obstante, el usuario debe ser consciente de que las medidas de seguridad de los sistemas inform\u00e1ticos en Internet no son enteramente fiables y que, por tanto&nbsp;https:\/\/www.<meta charset=\"utf-8\">sarobeurnieta.eus no puede garantizar la inexistencia de malware u otros elementos que puedan producir alteraciones en los sistemas inform\u00e1ticos (software y hardware) del usuario o en sus documentos electr\u00f3nicos y ficheros contenidos en los mismos aunque ponemos todos los medios necesarios y las medidas de seguridad oportunas para evitar la presencia de estos elementos da\u00f1inos.<\/p>\n\n\n\n<h2 class=\"has-luminous-vivid-orange-color has-text-color wp-block-heading\">Medidas de seguridad<\/h2>\n\n\n\n<p>Los datos personales comunicados por la persona usuaria a Sarobe pueden ser almacenados en bases de datos automatizadas o no, cuya titularidad corresponde en exclusiva a Sarekin SL, asumiendo \u00e9sta todas las medidas de \u00edndole t\u00e9cnica, organizativa y de seguridad que garantizan la confidencialidad, integridad y calidad de la informaci\u00f3n contenida en las mismas de acuerdo con lo establecido en la normativa vigente en protecci\u00f3n de datos. La comunicaci\u00f3n entre los usuarios y https:\/\/www.sarobeurnieta.eus utiliza un canal seguro, y los datos transmitidos son cifrados gracias a protocolos a https, por tanto, garantizamos las mejores condiciones de seguridad para que la confidencialidad de los usuarios est\u00e9 garantizada.<\/p>\n\n\n\n<h2 class=\"has-luminous-vivid-orange-color has-text-color wp-block-heading\">Plataforma de resoluci\u00f3n de conflictos<\/h2>\n\n\n\n<p>Ponemos tambi\u00e9n a disposici\u00f3n de los usuarios la plataforma de resoluci\u00f3n de litigios que facilita la Comisi\u00f3n Europea y que se encuentra disponible en el siguiente enlace:&nbsp;<a href=\"https:\/\/ec.europa.eu\/consumers\/odr\/\" target=\"_blank\" rel=\"noreferrer noopener\">https:\/\/ec.europa.eu\/consumers\/odr\/<\/a><\/p>\n\n\n\n<h2 class=\"has-luminous-vivid-orange-color has-text-color wp-block-heading\">Derechos de propiedad intelectual e industrial<\/h2>\n\n\n\n<p>En virtud de la Ley de Propiedad Intelectual, quedan expresamente prohibidas la reproducci\u00f3n, la distribuci\u00f3n y la comunicaci\u00f3n p\u00fablica, incluida su modalidad de puesta a disposici\u00f3n, de la totalidad o parte de los contenidos de esta p\u00e1gina web, con fines comerciales, en cualquier soporte y por cualquier medio t\u00e9cnico, sin la autorizaci\u00f3n de Sarobe. La persona usuaria se compromete a respetar los derechos de Propiedad Intelectual e Industrial titularidad de Sarobe.<\/p>\n\n\n\n<p><meta charset=\"utf-8\">La persona usuaria conoce y acepta que la totalidad del sitio web, conteniendo sin car\u00e1cter exhaustivo el texto, software, contenidos (incluyendo estructura, selecci\u00f3n, ordenaci\u00f3n y presentaci\u00f3n de los mismos) podcast, fotograf\u00edas, material audiovisual y gr\u00e1ficos, est\u00e1 protegida por marcas, derechos de autor y otros derechos leg\u00edtimos, de acuerdo con los tratados internacionales en los que Espa\u00f1a es parte y otros derechos de propiedad y leyes de Espa\u00f1a.<\/p>\n\n\n\n<p>En el caso de que una persona usuaria o un tercero consideren que se ha producido una violaci\u00f3n de sus leg\u00edtimos derechos de propiedad intelectual por la introducci\u00f3n de un determinado contenido en la web, deber\u00e1 notificar dicha circunstancia a Sarobe indicando:<\/p>\n\n\n\n<ul class=\"wp-block-list\"><li>Datos personales del interesado titular de los derechos presuntamente infringidos, o indicar la representaci\u00f3n con la que act\u00faa en caso de que la reclamaci\u00f3n la presente un tercero distinto del interesado.<\/li><li>Se\u00f1alar los contenidos protegidos por los derechos de propiedad intelectual y su ubicaci\u00f3n en la web, la acreditaci\u00f3n de los derechos de propiedad intelectual se\u00f1alados y declaraci\u00f3n expresa en la que el interesado se responsabiliza de la veracidad de las informaciones facilitadas en la notificaci\u00f3n.<\/li><\/ul>\n\n\n\n<h2 class=\"has-luminous-vivid-orange-color has-text-color wp-block-heading\">Enlaces externos<\/h2>\n\n\n\n<p>Las p\u00e1ginas de la web https:\/\/www.sarobeurnieta.eus proporciona enlaces a otros sitios web propios y contenidos que son propiedad de terceros tales como:<\/p>\n\n\n\n<ul class=\"wp-block-list\"><li>Contenido de otros blogs<\/li><\/ul>\n\n\n\n<p>El \u00fanico objeto de los enlaces es proporcionar al usuario la posibilidad de acceder a dichos enlaces. No se responsabiliza en ning\u00fan caso de los resultados que puedan derivarse al usuario por acceso a dichos enlaces.<\/p>\n\n\n\n<p>Asimismo, el usuario encontrar\u00e1 dentro de este sitio, p\u00e1ginas, promociones, programas de afiliados que acceden a los h\u00e1bitos de navegaci\u00f3n de los usuarios para establecer perfiles. Esta informaci\u00f3n siempre es an\u00f3nima y no se identifica al usuario.<\/p>\n\n\n\n<p>La informaci\u00f3n que se proporcione en estos sitios patrocinado o enlaces de afiliados est\u00e1 sujeta a las pol\u00edticas de privacidad que se utilicen en dichos sitios y no estar\u00e1 sujeta a esta pol\u00edtica de privacidad. Por lo que recomendamos ampliamente a los usuarios a revisar detalladamente las pol\u00edticas de privacidad de los enlaces de afiliado.<\/p>\n\n\n\n<p>El usuario que se proponga establecer cualquier dispositivo t\u00e9cnico de enlace desde su sitio web al portal https:\/\/www.sarobeurnieta.eus deber\u00e1 obtener la autorizaci\u00f3n previa y escrita de Sarekin SL. El establecimiento del enlace no implica en ning\u00fan caso la existencia de relaciones entre&nbsp;https:\/\/www.sarobeurnieta.eus y la persona propietaria del sitio en el que se establezca el enlace, ni la aceptaci\u00f3n o aprobaci\u00f3n por parte de&nbsp;https:\/\/www.sarobeurnieta.eus de sus contenidos o servicios.<\/p>\n\n\n\n<h2 class=\"has-luminous-vivid-orange-color has-text-color wp-block-heading\">Exclusi\u00f3n de garant\u00edas y responsable<\/h2>\n\n\n\n<p><strong>SAREKIN SL no otorga ninguna garant\u00eda ni se hace responsable, en ning\u00fan caso, de los da\u00f1os y perjuicios de cualquier naturaleza que pudieran traer causa de:<\/strong><\/p>\n\n\n\n<ul class=\"wp-block-list\"><li>La falta de disponibilidad, mantenimiento y efectivo funcionamiento de la web, o de sus servicios y contenidos;<\/li><li>La existencia de malware, programas maliciosos o lesivos en los contenidos;<\/li><li>El uso il\u00edcito, negligente, fraudulento o contrario a este Aviso Legal;<\/li><li>La falta de licitud, calidad, fiabilidad, utilidad y disponibilidad de los servicios prestados por terceros y puestos a disposici\u00f3n de los usuarios en el sitio web.<\/li><li>El prestador no se hace responsable bajo ning\u00fan concepto de los da\u00f1os que pudieran dimanar del uso ilegal o indebido de la presente p\u00e1gina web.<\/li><\/ul>\n\n\n\n<h2 class=\"has-luminous-vivid-orange-color has-text-color wp-block-heading\">Legislaci\u00f3n y fuero aplicable<\/h2>\n\n\n\n<p>Con car\u00e1cter general las relaciones entre&nbsp;esta web con los usuarios de sus servicios telem\u00e1ticos, presentes en esta web se encuentran sometidas a la legislaci\u00f3n de Espa\u00f1a y a los juzgados y tribunales de Gipuzkoa.<\/p>\n\n\n\n<h2 class=\"has-luminous-vivid-orange-color has-text-color wp-block-heading\">Contacto<\/h2>\n\n\n\n<p>En caso de que cualquier usuario tuviese alguna duda acerca de estas Condiciones legales o cualquier comentario sobre el portal https:\/\/www.sarobeurnieta.eus, por favor dir\u00edjase a sarekin2@gmail.com.<\/p>\n\n\n\n<p>El aviso legal han sido actualizadas por \u00faltima vez el 28-08-2021.<\/p>\n\n<\/div><\/div>","protected":false},"excerpt":{"rendered":"<p>Datos del Responsable Identidad del Responsable:&nbsp;SAREKIN SL Nombre comercial:&nbsp;SAREKIN CIF:&nbsp;B20712758 Direcci\u00f3n:&nbsp;Iurramendi, 14-3\u00ba 20130 URNIETA(GIPUZKOA) Correo electr\u00f3nico:&nbsp;sarekin2@gmail.com En este espacio, la persona usuaria podr\u00e1 encontrar toda la informaci\u00f3n relativa a los t\u00e9rminos y condiciones &#8230; <\/p>\n<p class=\"read-more-container\"><a title=\"Aviso legal\" class=\"read-more button\" href=\"https:\/\/www.sarobeurnieta.eus\/es\/aviso-legal\/#more-4329\" aria-label=\"Leer m\u00e1s sobre Aviso legal\">Saber m\u00e1s<\/a><\/p>\n","protected":false},"author":1,"featured_media":0,"parent":0,"menu_order":0,"comment_status":"closed","ping_status":"closed","template":"","meta":{"_acf_changed":false,"inline_featured_image":false,"_EventAllDay":false,"_EventTimezone":"","_EventStartDate":"","_EventEndDate":"","_EventStartDateUTC":"","_EventEndDateUTC":"","_EventShowMap":false,"_EventShowMapLink":false,"_EventURL":"","_EventCost":"","_EventCostDescription":"","_EventCurrencySymbol":"","_EventCurrencyCode":"","_EventCurrencyPosition":"","_EventDateTimeSeparator":"","_EventTimeRangeSeparator":"","_EventOrganizerID":[],"_EventVenueID":[],"_OrganizerEmail":"","_OrganizerPhone":"","_OrganizerWebsite":"","_VenueAddress":"","_VenueCity":"","_VenueCountry":"","_VenueProvince":"","_VenueState":"","_VenueZip":"","_VenuePhone":"","_VenueURL":"","_VenueStateProvince":"","_VenueLat":"","_VenueLng":"","_VenueShowMap":false,"_VenueShowMapLink":false,"footnotes":""},"class_list":["post-4329","page","type-page","status-publish"],"acf":[],"_links":{"self":[{"href":"https:\/\/www.sarobeurnieta.eus\/es\/wp-json\/wp\/v2\/pages\/4329","targetHints":{"allow":["GET"]}}],"collection":[{"href":"https:\/\/www.sarobeurnieta.eus\/es\/wp-json\/wp\/v2\/pages"}],"about":[{"href":"https:\/\/www.sarobeurnieta.eus\/es\/wp-json\/wp\/v2\/types\/page"}],"author":[{"embeddable":true,"href":"https:\/\/www.sarobeurnieta.eus\/es\/wp-json\/wp\/v2\/users\/1"}],"replies":[{"embeddable":true,"href":"https:\/\/www.sarobeurnieta.eus\/es\/wp-json\/wp\/v2\/comments?post=4329"}],"version-history":[{"count":4,"href":"https:\/\/www.sarobeurnieta.eus\/es\/wp-json\/wp\/v2\/pages\/4329\/revisions"}],"predecessor-version":[{"id":5961,"href":"https:\/\/www.sarobeurnieta.eus\/es\/wp-json\/wp\/v2\/pages\/4329\/revisions\/5961"}],"wp:attachment":[{"href":"https:\/\/www.sarobeurnieta.eus\/es\/wp-json\/wp\/v2\/media?parent=4329"}],"curies":[{"name":"wp","href":"https:\/\/api.w.org\/{rel}","templated":true}]}}