{"id":6076,"date":"2022-03-30T11:00:33","date_gmt":"2022-03-30T09:00:33","guid":{"rendered":"https:\/\/www.sarobeurnieta.eus\/?page_id=6076"},"modified":"2022-07-08T10:48:02","modified_gmt":"2022-07-08T08:48:02","slug":"sobre-sarobe","status":"publish","type":"page","link":"https:\/\/www.sarobeurnieta.eus\/es\/sobre-sarobe\/","title":{"rendered":"Sobre Sarobe"},"content":{"rendered":"<div class=\"gb-container gb-container-33b9294b\"><div class=\"gb-inside-container\">\n<div class=\"gb-grid-wrapper gb-grid-wrapper-8708653c\">\n<div class=\"gb-grid-column gb-grid-column-56049ea2\"><div class=\"gb-container gb-container-56049ea2\"><div class=\"gb-inside-container\">\n\n<h2 class=\"gb-headline gb-headline-cfc2ef13 gb-headline-text\">Centro de Artes Esc\u00e9nicas SAROBE<\/h2>\n\n\n\n<h3 class=\"gb-headline gb-headline-481c1efe gb-headline-text\">El Centro de Artes Esc\u00e9nicas SAROBE fue construido en 1994 sobre el cine Elizondo de Urnieta. Constitu\u00eda el lugar de encuentro del movimiento cultural, que se desarroll\u00f3 con fuerza en torno a los grupos de teatro de Urnieta: Egi billa y Buruntza. M\u00e1s tarde, la Asociaci\u00f3n Pedagog\u00edas Esc\u00e9nicas de Urnieta (APEU) cogi\u00f3 el testigo de todas estas sinergias con un gui\u00f1o al pasado y una mirada al futuro. Todo ten\u00eda sentido: las ideas, los contenidos, el lugar, el equipo humano y el apoyo sine qua non del ayuntamiento de Urnieta. La esencia del proyecto empez\u00f3 a germinar y convertirse en una experiencia \u00fanica en Euskadi.<\/h3>\n\n<\/div><\/div><\/div>\n\n<div class=\"gb-grid-column gb-grid-column-1d4e10a2\"><div class=\"gb-container gb-container-1d4e10a2\"><div class=\"gb-inside-container\">\n<div class=\"wp-block-image\">\n<figure class=\"aligncenter size-full\"><img loading=\"lazy\" decoding=\"async\" width=\"800\" height=\"531\" src=\"https:\/\/www.sarobeurnieta.eus\/wp-content\/uploads\/2022\/04\/sarobe-construccion-2.jpg\" alt=\"\" class=\"wp-image-6104\" srcset=\"https:\/\/www.sarobeurnieta.eus\/wp-content\/uploads\/2022\/04\/sarobe-construccion-2.jpg 800w, https:\/\/www.sarobeurnieta.eus\/wp-content\/uploads\/2022\/04\/sarobe-construccion-2-300x199.jpg 300w, https:\/\/www.sarobeurnieta.eus\/wp-content\/uploads\/2022\/04\/sarobe-construccion-2-768x510.jpg 768w\" sizes=\"auto, (max-width: 800px) 100vw, 800px\" \/><\/figure>\n<\/div>\n<\/div><\/div><\/div>\n<\/div>\n<\/div><\/div>\n\n<div class=\"gb-container gb-container-5d33409e\"><div class=\"gb-inside-container\">\n<div class=\"gb-grid-wrapper gb-grid-wrapper-32a75159\">\n<div class=\"gb-grid-column gb-grid-column-6442a252\"><div class=\"gb-container gb-container-6442a252\"><div class=\"gb-inside-container\">\n\n<figure class=\"wp-block-gallery aligncenter has-nested-images columns-default is-cropped wp-block-gallery-1 is-layout-flex wp-block-gallery-is-layout-flex\">\n<figure class=\"wp-block-image size-large\"><a href=\"https:\/\/www.sarobeurnieta.eus\/wp-content\/uploads\/2022\/04\/sarobe-construccion-1.jpg\"><img loading=\"lazy\" decoding=\"async\" width=\"682\" height=\"1024\" data-id=\"6100\" src=\"https:\/\/www.sarobeurnieta.eus\/wp-content\/uploads\/2022\/04\/sarobe-construccion-1-682x1024.jpg\" alt=\"\" class=\"wp-image-6100\" srcset=\"https:\/\/www.sarobeurnieta.eus\/wp-content\/uploads\/2022\/04\/sarobe-construccion-1-682x1024.jpg 682w, https:\/\/www.sarobeurnieta.eus\/wp-content\/uploads\/2022\/04\/sarobe-construccion-1-200x300.jpg 200w, https:\/\/www.sarobeurnieta.eus\/wp-content\/uploads\/2022\/04\/sarobe-construccion-1-768x1153.jpg 768w, https:\/\/www.sarobeurnieta.eus\/wp-content\/uploads\/2022\/04\/sarobe-construccion-1.jpg 900w\" sizes=\"auto, (max-width: 682px) 100vw, 682px\" \/><\/a><\/figure>\n\n\n\n<figure class=\"wp-block-image size-large\"><a href=\"https:\/\/www.sarobeurnieta.eus\/wp-content\/uploads\/2022\/04\/sarobe-construccion-3.jpg\"><img loading=\"lazy\" decoding=\"async\" width=\"682\" height=\"1024\" data-id=\"6102\" src=\"https:\/\/www.sarobeurnieta.eus\/wp-content\/uploads\/2022\/04\/sarobe-construccion-3-682x1024.jpg\" alt=\"\" class=\"wp-image-6102\" srcset=\"https:\/\/www.sarobeurnieta.eus\/wp-content\/uploads\/2022\/04\/sarobe-construccion-3-682x1024.jpg 682w, https:\/\/www.sarobeurnieta.eus\/wp-content\/uploads\/2022\/04\/sarobe-construccion-3-200x300.jpg 200w, https:\/\/www.sarobeurnieta.eus\/wp-content\/uploads\/2022\/04\/sarobe-construccion-3-768x1153.jpg 768w, https:\/\/www.sarobeurnieta.eus\/wp-content\/uploads\/2022\/04\/sarobe-construccion-3.jpg 900w\" sizes=\"auto, (max-width: 682px) 100vw, 682px\" \/><\/a><\/figure>\n<\/figure>\n\n<\/div><\/div><\/div>\n\n<div class=\"gb-grid-column gb-grid-column-b1580f87\"><div class=\"gb-container gb-container-b1580f87\"><div class=\"gb-inside-container\">\n\n<h3 class=\"gb-headline gb-headline-111f93c7 gb-headline-text\">Se trataba de crear un centro de artes esc\u00e9nicas lo m\u00e1s polivalente posible, entendiendo por polivalente que en \u00e9l se pudieran desarrollar todas las actividades que giran alrededor de la construcci\u00f3n de un espect\u00e1culo, desde el alzado del mismo pasando por acciones de apoyo a la promoci\u00f3n y distribuci\u00f3n de los espect\u00e1culos, creaci\u00f3n de nuevas ideas y f\u00f3rmulas de gesti\u00f3n hasta la formaci\u00f3n en teatro, danza y cine. A lo largo de estos casi 30 a\u00f1os Sarobe ha puesto la cultura a disposici\u00f3n de todas y todos los ciudadanos ofreciendo espacios y recursos para la creaci\u00f3n cultural, tanto a la ciudadan\u00eda como a profesionales.<\/h3>\n\n<\/div><\/div><\/div>\n\n<div class=\"gb-grid-column gb-grid-column-cd257130\"><div class=\"gb-container gb-container-cd257130\"><div class=\"gb-inside-container\">\n\n<h3 class=\"gb-headline gb-headline-92181d5b gb-headline-text\">El Centro de Artes Esc\u00e9nicas SAROBE es un equipamiento cultural para la promoci\u00f3n y desarrollo de las artes esc\u00e9nicas.<br><br>El Espacio Sarobe de Arte Esc\u00e9nico es un espacio p\u00fablico dise\u00f1ado y gestionado desde su creaci\u00f3n con una doble vocaci\u00f3n: ser un centro de producci\u00f3n, formaci\u00f3n y promoci\u00f3n de las artes esc\u00e9nicas y un lugar de encuentro, disfrute y difusi\u00f3n de la expresi\u00f3n art\u00edstica y cultural del pueblo de Urnieta.<\/h3>\n\n\n\n<p><\/p>\n\n\n\n<h3 class=\"gb-headline gb-headline-3988d948 gb-headline-text\"><\/h3>\n\n<\/div><\/div><\/div>\n\n<div class=\"gb-grid-column gb-grid-column-289b1a7b\"><div class=\"gb-container gb-container-289b1a7b limite\"><div class=\"gb-inside-container\">\n<div class=\"wp-block-image\">\n<figure class=\"aligncenter size-full is-resized\"><img loading=\"lazy\" decoding=\"async\" src=\"https:\/\/www.sarobeurnieta.eus\/wp-content\/uploads\/2022\/04\/sarobe.jpg\" alt=\"sarobe\" class=\"wp-image-6094\" width=\"512\" height=\"340\" srcset=\"https:\/\/www.sarobeurnieta.eus\/wp-content\/uploads\/2022\/04\/sarobe.jpg 512w, https:\/\/www.sarobeurnieta.eus\/wp-content\/uploads\/2022\/04\/sarobe-300x199.jpg 300w\" sizes=\"auto, (max-width: 512px) 100vw, 512px\" \/><\/figure>\n<\/div>\n<\/div><\/div><\/div>\n<\/div>\n<\/div><\/div>\n\n<div class=\"gb-container gb-container-fd41d46d\"><div class=\"gb-inside-container\"><\/div><\/div>\n\n<div class=\"gb-container gb-container-2be6df0c\"><div class=\"gb-inside-container\"><\/div><\/div>","protected":false},"excerpt":{"rendered":"","protected":false},"author":1,"featured_media":0,"parent":0,"menu_order":0,"comment_status":"closed","ping_status":"closed","template":"","meta":{"_acf_changed":false,"inline_featured_image":false,"_EventAllDay":false,"_EventTimezone":"","_EventStartDate":"","_EventEndDate":"","_EventStartDateUTC":"","_EventEndDateUTC":"","_EventShowMap":false,"_EventShowMapLink":false,"_EventURL":"","_EventCost":"","_EventCostDescription":"","_EventCurrencySymbol":"","_EventCurrencyCode":"","_EventCurrencyPosition":"","_EventDateTimeSeparator":"","_EventTimeRangeSeparator":"","_EventOrganizerID":[],"_EventVenueID":[],"_OrganizerEmail":"","_OrganizerPhone":"","_OrganizerWebsite":"","_VenueAddress":"","_VenueCity":"","_VenueCountry":"","_VenueProvince":"","_VenueState":"","_VenueZip":"","_VenuePhone":"","_VenueURL":"","_VenueStateProvince":"","_VenueLat":"","_VenueLng":"","_VenueShowMap":false,"_VenueShowMapLink":false,"footnotes":""},"class_list":["post-6076","page","type-page","status-publish"],"acf":[],"_links":{"self":[{"href":"https:\/\/www.sarobeurnieta.eus\/es\/wp-json\/wp\/v2\/pages\/6076","targetHints":{"allow":["GET"]}}],"collection":[{"href":"https:\/\/www.sarobeurnieta.eus\/es\/wp-json\/wp\/v2\/pages"}],"about":[{"href":"https:\/\/www.sarobeurnieta.eus\/es\/wp-json\/wp\/v2\/types\/page"}],"author":[{"embeddable":true,"href":"https:\/\/www.sarobeurnieta.eus\/es\/wp-json\/wp\/v2\/users\/1"}],"replies":[{"embeddable":true,"href":"https:\/\/www.sarobeurnieta.eus\/es\/wp-json\/wp\/v2\/comments?post=6076"}],"version-history":[{"count":31,"href":"https:\/\/www.sarobeurnieta.eus\/es\/wp-json\/wp\/v2\/pages\/6076\/revisions"}],"predecessor-version":[{"id":6331,"href":"https:\/\/www.sarobeurnieta.eus\/es\/wp-json\/wp\/v2\/pages\/6076\/revisions\/6331"}],"wp:attachment":[{"href":"https:\/\/www.sarobeurnieta.eus\/es\/wp-json\/wp\/v2\/media?parent=6076"}],"curies":[{"name":"wp","href":"https:\/\/api.w.org\/{rel}","templated":true}]}}